{"id":593,"date":"2020-11-10T13:59:27","date_gmt":"2020-11-10T12:59:27","guid":{"rendered":"https:\/\/staging.return-key.com\/registrieren\/"},"modified":"2020-11-21T18:10:46","modified_gmt":"2020-11-21T17:10:46","slug":"registrieren","status":"publish","type":"page","link":"https:\/\/staging.return-key.com\/de\/registrieren\/","title":{"rendered":"Registrieren"},"content":{"rendered":"<div id='av_section_1'  class='avia-section main_color avia-section-small avia-no-border-styling  avia-bg-style-scroll  avia-builder-el-0  el_before_av_section  avia-builder-el-first   container_wrap fullsize' style='background-color: #ffffff;  margin-top:75px; margin-bottom:50px; '  ><div class='container' ><main  role=\"main\" itemprop=\"mainContentOfPage\"  class='template-page content  av-content-full alpha units'><div class='post-entry post-entry-type-page post-entry-593'><div class='entry-content-wrapper clearfix'>\n<div class=\"flex_column av_one_full  flex_column_div av-zero-column-padding first  avia-builder-el-1  el_before_av_one_fifth  avia-builder-el-first  \" style='border-radius:0px; '><p><div  class='avia-image-container  av-styling-    avia-builder-el-2  el_before_av_textblock  avia-builder-el-first  avia-align-center '  itemprop=\"image\" itemscope=\"itemscope\" itemtype=\"https:\/\/schema.org\/ImageObject\"  ><div class='avia-image-container-inner'><div class='avia-image-overlay-wrap'><img class='wp-image-212 avia-img-lazy-loading-not-212 avia_image' src=\"https:\/\/staging.return-key.com\/wp-content\/uploads\/2020\/07\/return-key-icon-register.png\" alt='' title='return-key-icon-register' height=\"120\" width=\"120\"  itemprop=\"thumbnailUrl\" srcset=\"https:\/\/staging.return-key.com\/wp-content\/uploads\/2020\/07\/return-key-icon-register.png 120w, https:\/\/staging.return-key.com\/wp-content\/uploads\/2020\/07\/return-key-icon-register-80x80.png 80w, https:\/\/staging.return-key.com\/wp-content\/uploads\/2020\/07\/return-key-icon-register-36x36.png 36w, https:\/\/staging.return-key.com\/wp-content\/uploads\/2020\/07\/return-key-icon-register-100x100.png 100w\" sizes=\"(max-width: 120px) 100vw, 120px\" \/><\/div><\/div><\/div><br \/>\n<section class=\"av_textblock_section \"  itemscope=\"itemscope\" itemtype=\"https:\/\/schema.org\/CreativeWork\" ><div class='avia_textblock  '   itemprop=\"text\" ><h1 style=\"text-align: center;\">REGISTRIEREN<\/h1>\n<h3 style=\"color: #f7c64d; text-align: center;\">Dann haben Sie ab jetzt nichts mehr zu verlieren!<\/h3>\n<\/div><\/section><br \/>\n<div  style='height:20px' class='hr hr-invisible   avia-builder-el-4  el_after_av_textblock  el_before_av_image '><span class='hr-inner ' ><span class='hr-inner-style'><\/span><\/span><\/div><br \/>\n<div  class='avia-image-container  av-styling-    avia-builder-el-5  el_after_av_hr  avia-builder-el-last  avia-align-center '  itemprop=\"image\" itemscope=\"itemscope\" itemtype=\"https:\/\/schema.org\/ImageObject\"  ><div class='avia-image-container-inner'><div class='avia-image-overlay-wrap'><img class='wp-image-216 avia-img-lazy-loading-not-216 avia_image' src=\"https:\/\/staging.return-key.com\/wp-content\/uploads\/2020\/07\/divider.png\" alt='' title='divider' height=\"25\" width=\"147\"  itemprop=\"thumbnailUrl\"  \/><\/div><\/div><\/div><\/p><\/div><div class=\"flex_column av_one_fifth  av-hide-on-mobile  flex_column_div av-zero-column-padding first  avia-builder-el-6  el_after_av_one_full  el_before_av_three_fifth  column-top-margin\" style='border-radius:0px; '><\/div><div class=\"flex_column av_three_fifth  flex_column_div av-zero-column-padding   avia-builder-el-7  el_after_av_one_fifth  el_before_av_one_fifth  column-top-margin\" style='border-radius:0px; '><section class=\"av_textblock_section \"  itemscope=\"itemscope\" itemtype=\"https:\/\/schema.org\/CreativeWork\" ><div class='avia_textblock  '   itemprop=\"text\" ><p style=\"text-align: center;\">F\u00fcllen Sie das Formular mit dem Return Key-Code an Ihrem Schl\u00fcsselbund aus. Haben Sie einmal Ihre Schl\u00fcssel verloren? Dann erhalten Sie automatisch eine E-Mail von dem Finder, der ihn gefunden hat. Ist das nicht sehr praktisch?<\/p>\n<form id=\"return-key-register-form\">\n\n    <div id=\"key_code_wrapper\" class=\"form-input return-key\">\n        <label for=\"return_key\">Return Key code<\/label>\n        <select name=\"country_code\" id=\"country_code\">\n                        <option value=\"be\">BE<\/option>\n                        <option value=\"de\">DE<\/option>\n                        <option value=\"fr\">FR<\/option>\n                        <option value=\"nl\"selected>NL<\/option>\n                    <\/select>\n        <input type=\"text\" id=\"return_key\" name=\"return_key\" value=\"\"\n               placeholder=\"123456\" required>\n        <span class=\"errors\" id=\"key_code_error\"><\/span>\n    <\/div>\n\n    <div id=\"email_wrapper\" class=\"form-input\">\n        <label for=\"email\">E-Mail-Adresse<\/label>\n        <input id=\"email\" type=\"email\" name=\"email\" value=\"\" placeholder=\"e-mail@address.com\"\n               required>\n        <span class=\"errors\" id=\"email_error\"><\/span>\n    <\/div>\n\n    <div id=\"name_wrapper\" class=\"form-input\">\n        <label for=\"name\">Etikett<\/label>\n        <input type=\"text\" id=\"name\" name=\"name\" value=\"\" placeholder=\"Z.B. Mein Schl\u00fcsselring, Autoschl\u00fcssel, Sporttasche...\"\n               required>\n        <span class=\"errors\" id=\"name_error\"><\/span>\n    <\/div>\n\n    <div class=\"form-input form-checkbox\">\n        <label for=\"agree\">\n            <input type=\"hidden\" id=\"agree\" name=\"agree\" value=\"1\">\n            Durch Klicken auf &quot;Registrieren&quot; erkl\u00e4ren Sie sich mit den  <a href=\"\/de\/terms-of-service\" target=\"_blank\" rel=\"noopener\">Nutzungsbedingungen einverstanden<\/a>\n        <\/label>\n    <\/div>\n\n    <button type=\"submit\" id=\"submit_button\">Registrieren<\/button>\n\n<\/form>\n\n<script type=\"application\/javascript\">\n    jQuery(document).ready(function ($) {\n        $('#return-key-register-form').on('submit', function (e) {\n            e.preventDefault();\n\n            resetErrors();\n\n            $('#submit_button').prop('disabled', true);\n\n            $.ajaxSetup({\n                headers: {\n                    'Content-Language': 'de',\n                    'Accept': 'application\/json',\n                }\n            });\n\n            $.post('https:\/\/staging-service.return-key.com\/api\/account\/service\/register', getPostData()).done(function () {\n                redirectAfterSuccess();\n            }).fail(function (response) {\n                if(response.status !== 422){\n                    alert('Ein unbekannter Fehler ist aufgetreten, bitte versuchen Sie es sp\u00e4ter noch einmal')\n                }\n\n                setErrorsFromResponse(response);\n\n                $('#submit_button').prop('disabled', false);\n            });\n        });\n    });\n\n    resetErrors = function () {\n        jQuery('#key_code_wrapper').removeClass('error');\n        jQuery('#key_code_error').html('');\n        jQuery('#email_wrapper').removeClass('error');\n        jQuery('#email_error').html('');\n        jQuery('#name_wrapper').removeClass('error');\n        jQuery('#name_error').html('');\n    };\n\n    setErrorsFromResponse = function (response) {\n        let errors = response.responseJSON.errors;\n\n        if (errors.return_key) {\n            jQuery('#key_code_wrapper').addClass('error');\n            jQuery('#key_code_error').html(errors.return_key[0]);\n        } else if (errors.general) {\n            jQuery('#key_code_wrapper').addClass('error');\n            jQuery('#key_code_error').html(errors.general[0]);\n        }\n\n        if (errors.email) {\n            jQuery('#email_wrapper').addClass('error');\n            jQuery('#email_error').html(errors.email[0]);\n        }\n\n        if (errors.name) {\n            jQuery('#name_wrapper').addClass('error');\n            jQuery('#name_error').html(errors.name[0]);\n        }\n    };\n\n    getPostData = function () {\n        return {\n            'api_token': 'Ld24O5zRcdl0lN3nhECeFeb1qTaN1iQf37RVze47uh62KA0Yg7vTKjq5hOME',\n            'email': jQuery('#email').val(),\n            'country_code': jQuery('#country_code').val(),\n            'agree': '1',\n            'return_key': jQuery('#return_key').val(),\n            'name': jQuery('#name').val(),\n        };\n    };\n\n    redirectAfterSuccess = function() {\n        window.location = '\/de\/register-success';\n    };\n<\/script>\n<\/div><\/section><\/div><div class=\"flex_column av_one_fifth  av-hide-on-mobile  flex_column_div av-zero-column-padding   avia-builder-el-9  el_after_av_three_fifth  avia-builder-el-last  column-top-margin\" style='border-radius:0px; '><\/div>\n\n<\/div><\/div><\/main><!-- close content main element --><\/div><\/div><div id='av_section_2'  class='avia-section main_color avia-section-small avia-no-border-styling  avia-bg-style-scroll  avia-builder-el-10  el_after_av_section  el_before_av_section   container_wrap fullsize' style='background-color: #cee19f;  '  ><div class='container' ><div class='template-page content  av-content-full alpha units'><div class='post-entry post-entry-type-page post-entry-593'><div class='entry-content-wrapper clearfix'>\n<div class='flex_column_table av-equal-height-column-flextable -flextable' ><div class=\"flex_column av_one_fourth  flex_column_table_cell av-equal-height-column av-align-top first  avia-builder-el-11  el_before_av_one_fourth  avia-builder-el-first  \" style='background: #ffffff; padding:1%; background-color:#ffffff; border-radius:0px; '><p><div  class='avia-image-container avia_animated_image avia_animate_when_almost_visible pop-up av-styling-    avia-builder-el-12  el_before_av_textblock  avia-builder-el-first  avia-align-center '  itemprop=\"image\" itemscope=\"itemscope\" itemtype=\"https:\/\/schema.org\/ImageObject\"  ><div class='avia-image-container-inner'><div class='avia-image-overlay-wrap'><img class='wp-image-496 avia-img-lazy-loading-not-496 avia_image' src=\"https:\/\/staging.return-key.com\/wp-content\/uploads\/2020\/10\/return-key-icon-registration20.png\" alt='' title='return-key-icon-registration20' height=\"160\" width=\"160\"  itemprop=\"thumbnailUrl\" srcset=\"https:\/\/staging.return-key.com\/wp-content\/uploads\/2020\/10\/return-key-icon-registration20.png 160w, https:\/\/staging.return-key.com\/wp-content\/uploads\/2020\/10\/return-key-icon-registration20-80x80.png 80w, https:\/\/staging.return-key.com\/wp-content\/uploads\/2020\/10\/return-key-icon-registration20-36x36.png 36w, https:\/\/staging.return-key.com\/wp-content\/uploads\/2020\/10\/return-key-icon-registration20-100x100.png 100w\" sizes=\"(max-width: 160px) 100vw, 160px\" \/><\/div><\/div><\/div><br \/>\n<section class=\"av_textblock_section \"  itemscope=\"itemscope\" itemtype=\"https:\/\/schema.org\/CreativeWork\" ><div class='avia_textblock  '   itemprop=\"text\" ><p style=\"text-align: center;\">Registrieren Sie den Schl\u00fcsselanh\u00e4nger-Code auf dieser Seite.<\/p>\n<\/div><\/section><\/p><\/div><div class='av-flex-placeholder'><\/div><div class=\"flex_column av_one_fourth  flex_column_table_cell av-equal-height-column av-align-top   avia-builder-el-14  el_after_av_one_fourth  el_before_av_one_fourth  \" style='background: #ffffff; padding:1%; background-color:#ffffff; border-radius:0px; '><p><div  class='avia-image-container avia_animated_image avia_animate_when_almost_visible pop-up av-styling-    avia-builder-el-15  el_before_av_textblock  avia-builder-el-first  avia-align-center '  itemprop=\"image\" itemscope=\"itemscope\" itemtype=\"https:\/\/schema.org\/ImageObject\"  ><div class='avia-image-container-inner'><div class='avia-image-overlay-wrap'><img class='wp-image-480 avia-img-lazy-loading-not-480 avia_image' src=\"https:\/\/staging.return-key.com\/wp-content\/uploads\/2020\/10\/return-key-icon-keys20.png\" alt='' title='return-key-icon-keys20' height=\"160\" width=\"160\"  itemprop=\"thumbnailUrl\" srcset=\"https:\/\/staging.return-key.com\/wp-content\/uploads\/2020\/10\/return-key-icon-keys20.png 160w, https:\/\/staging.return-key.com\/wp-content\/uploads\/2020\/10\/return-key-icon-keys20-80x80.png 80w, https:\/\/staging.return-key.com\/wp-content\/uploads\/2020\/10\/return-key-icon-keys20-36x36.png 36w, https:\/\/staging.return-key.com\/wp-content\/uploads\/2020\/10\/return-key-icon-keys20-100x100.png 100w\" sizes=\"(max-width: 160px) 100vw, 160px\" \/><\/div><\/div><\/div><br \/>\n<section class=\"av_textblock_section \"  itemscope=\"itemscope\" itemtype=\"https:\/\/schema.org\/CreativeWork\" ><div class='avia_textblock  '   itemprop=\"text\" ><p style=\"text-align: center;\">H\u00e4ngen Sie die Return Key an Ihre Schl\u00fcssel.<\/p>\n<\/div><\/section><\/p><\/div><div class='av-flex-placeholder'><\/div><div class=\"flex_column av_one_fourth  flex_column_table_cell av-equal-height-column av-align-top   avia-builder-el-17  el_after_av_one_fourth  el_before_av_one_fourth  \" style='background: #ffffff; padding:1%; background-color:#ffffff; border-radius:0px; '><p><div  class='avia-image-container avia_animated_image avia_animate_when_almost_visible pop-up av-styling-    avia-builder-el-18  el_before_av_textblock  avia-builder-el-first  avia-align-center '  itemprop=\"image\" itemscope=\"itemscope\" itemtype=\"https:\/\/schema.org\/ImageObject\"  ><div class='avia-image-container-inner'><div class='avia-image-overlay-wrap'><img class='wp-image-492 avia-img-lazy-loading-not-492 avia_image' src=\"https:\/\/staging.return-key.com\/wp-content\/uploads\/2020\/10\/return-key-icon-lost-email20.png\" alt='' title='return-key-icon-lost-email20' height=\"160\" width=\"160\"  itemprop=\"thumbnailUrl\" srcset=\"https:\/\/staging.return-key.com\/wp-content\/uploads\/2020\/10\/return-key-icon-lost-email20.png 160w, https:\/\/staging.return-key.com\/wp-content\/uploads\/2020\/10\/return-key-icon-lost-email20-80x80.png 80w, https:\/\/staging.return-key.com\/wp-content\/uploads\/2020\/10\/return-key-icon-lost-email20-36x36.png 36w, https:\/\/staging.return-key.com\/wp-content\/uploads\/2020\/10\/return-key-icon-lost-email20-100x100.png 100w\" sizes=\"(max-width: 160px) 100vw, 160px\" \/><\/div><\/div><\/div><br \/>\n<section class=\"av_textblock_section \"  itemscope=\"itemscope\" itemtype=\"https:\/\/schema.org\/CreativeWork\" ><div class='avia_textblock  '   itemprop=\"text\" ><p style=\"text-align: center;\">Nach dem Verlust Ihrer Schl\u00fcssel erhalten Sie eine E-Mail vom Finder.<\/p>\n<\/div><\/section><\/p><\/div><div class='av-flex-placeholder'><\/div><div class=\"flex_column av_one_fourth  flex_column_table_cell av-equal-height-column av-align-top   avia-builder-el-20  el_after_av_one_fourth  avia-builder-el-last  \" style='background: #ffffff; padding:1%; background-color:#ffffff; border-radius:0px; '><p><div  class='avia-image-container avia_animated_image avia_animate_when_almost_visible pop-up av-styling-    avia-builder-el-21  el_before_av_textblock  avia-builder-el-first  avia-align-center '  itemprop=\"image\" itemscope=\"itemscope\" itemtype=\"https:\/\/schema.org\/ImageObject\"  ><div class='avia-image-container-inner'><div class='avia-image-overlay-wrap'><img class='wp-image-484 avia-img-lazy-loading-not-484 avia_image' src=\"https:\/\/staging.return-key.com\/wp-content\/uploads\/2020\/10\/return-key-icon-keys-found20.png\" alt='' title='return-key-icon-keys-found20' height=\"160\" width=\"160\"  itemprop=\"thumbnailUrl\" srcset=\"https:\/\/staging.return-key.com\/wp-content\/uploads\/2020\/10\/return-key-icon-keys-found20.png 160w, https:\/\/staging.return-key.com\/wp-content\/uploads\/2020\/10\/return-key-icon-keys-found20-80x80.png 80w, https:\/\/staging.return-key.com\/wp-content\/uploads\/2020\/10\/return-key-icon-keys-found20-36x36.png 36w, https:\/\/staging.return-key.com\/wp-content\/uploads\/2020\/10\/return-key-icon-keys-found20-100x100.png 100w\" sizes=\"(max-width: 160px) 100vw, 160px\" \/><\/div><\/div><\/div><br \/>\n<section class=\"av_textblock_section \"  itemscope=\"itemscope\" itemtype=\"https:\/\/schema.org\/CreativeWork\" ><div class='avia_textblock  '   itemprop=\"text\" ><p style=\"text-align: center;\">Sie k\u00f6nnen die Schl\u00fcssel beim Finder abholen.<\/p>\n<\/div><\/section><\/p><\/div><\/div><!--close column table wrapper. Autoclose: 1 -->\n\n<\/div><\/div><\/div><!-- close content main div --><\/div><\/div><div id='av_section_3'  class='avia-section main_color avia-section-default avia-no-border-styling  avia-bg-style-scroll  avia-builder-el-23  el_after_av_section  avia-builder-el-last   container_wrap fullsize' style=' '  ><div class='container' ><div class='template-page content  av-content-full alpha units'><div class='post-entry post-entry-type-page post-entry-593'><div class='entry-content-wrapper clearfix'>\n<div class='flex_column_table av-equal-height-column-flextable -flextable' ><div class=\"flex_column av_one_fourth  av-hide-on-mobile  flex_column_table_cell av-equal-height-column av-align-middle av-zero-column-padding first  avia-builder-el-24  el_before_av_one_half  avia-builder-el-first  \" style='border-radius:0px; '><\/div><div class='av-flex-placeholder'><\/div><div class=\"flex_column av_one_half  flex_column_table_cell av-equal-height-column av-align-middle   avia-builder-el-25  el_after_av_one_fourth  el_before_av_one_fourth  \" style='padding:2%; border-radius:0px; '><div  class='avia-button-wrap avia-button-center  avia-builder-el-26  avia-builder-el-no-sibling  rk-button' ><a href='https:\/\/staging.return-key.com\/de\/shop\/' class='avia-button avia-button-fullwidth  avia-font-color-theme-color avia-icon_select-no avia-color-orange '   ><span class='avia_iconbox_title' >Das will ich auch!<\/span><span class='avia_button_background avia-button avia-button-fullwidth avia-color-theme-color-highlight' ><\/span><\/a><\/div><\/div><div class='av-flex-placeholder'><\/div><div class=\"flex_column av_one_fourth  av-hide-on-mobile  flex_column_table_cell av-equal-height-column av-align-middle av-zero-column-padding   avia-builder-el-27  el_after_av_one_half  avia-builder-el-last  \" style='border-radius:0px; '><\/div><\/div><!--close column table wrapper. Autoclose: 1 -->\n","protected":false},"excerpt":{"rendered":"","protected":false},"author":1,"featured_media":0,"parent":0,"menu_order":84,"comment_status":"closed","ping_status":"closed","template":"","meta":[],"yoast_head":"<!-- This site is optimized with the Yoast SEO plugin v18.3 - https:\/\/yoast.com\/wordpress\/plugins\/seo\/ -->\n<title>Registrieren - Return Key<\/title>\n<meta name=\"robots\" content=\"noindex, follow, max-snippet:-1, max-image-preview:large, max-video-preview:-1\" \/>\n<meta property=\"og:locale\" content=\"de_DE\" \/>\n<meta property=\"og:type\" content=\"article\" \/>\n<meta property=\"og:title\" content=\"Registrieren - Return Key\" \/>\n<meta property=\"og:url\" content=\"https:\/\/staging.return-key.com\/de\/registrieren\/\" \/>\n<meta property=\"og:site_name\" content=\"Return Key\" \/>\n<meta property=\"article:modified_time\" content=\"2020-11-21T17:10:46+00:00\" \/>\n<meta name=\"twitter:card\" content=\"summary_large_image\" \/>\n<meta name=\"twitter:label1\" content=\"Gesch\u00e4tzte Lesezeit\" \/>\n\t<meta name=\"twitter:data1\" content=\"13\u00a0Minuten\" \/>\n<script type=\"application\/ld+json\" class=\"yoast-schema-graph\">{\"@context\":\"https:\/\/schema.org\",\"@graph\":[{\"@type\":\"WebSite\",\"@id\":\"https:\/\/staging.return-key.com\/#website\",\"url\":\"https:\/\/staging.return-key.com\/\",\"name\":\"Return Key\",\"description\":\"People are honest\",\"potentialAction\":[{\"@type\":\"SearchAction\",\"target\":{\"@type\":\"EntryPoint\",\"urlTemplate\":\"https:\/\/staging.return-key.com\/?s={search_term_string}\"},\"query-input\":\"required name=search_term_string\"}],\"inLanguage\":\"de\"},{\"@type\":\"WebPage\",\"@id\":\"https:\/\/staging.return-key.com\/de\/registrieren\/#webpage\",\"url\":\"https:\/\/staging.return-key.com\/de\/registrieren\/\",\"name\":\"Registrieren - Return Key\",\"isPartOf\":{\"@id\":\"https:\/\/staging.return-key.com\/#website\"},\"datePublished\":\"2020-11-10T12:59:27+00:00\",\"dateModified\":\"2020-11-21T17:10:46+00:00\",\"breadcrumb\":{\"@id\":\"https:\/\/staging.return-key.com\/de\/registrieren\/#breadcrumb\"},\"inLanguage\":\"de\",\"potentialAction\":[{\"@type\":\"ReadAction\",\"target\":[\"https:\/\/staging.return-key.com\/de\/registrieren\/\"]}]},{\"@type\":\"BreadcrumbList\",\"@id\":\"https:\/\/staging.return-key.com\/de\/registrieren\/#breadcrumb\",\"itemListElement\":[{\"@type\":\"ListItem\",\"position\":1,\"name\":\"Home\",\"item\":\"https:\/\/staging.return-key.com\/de\/\"},{\"@type\":\"ListItem\",\"position\":2,\"name\":\"Registrieren\"}]}]}<\/script>\n<!-- \/ Yoast SEO plugin. -->","yoast_head_json":{"title":"Registrieren - Return Key","robots":{"index":"noindex","follow":"follow","max-snippet":"max-snippet:-1","max-image-preview":"max-image-preview:large","max-video-preview":"max-video-preview:-1"},"og_locale":"de_DE","og_type":"article","og_title":"Registrieren - Return Key","og_url":"https:\/\/staging.return-key.com\/de\/registrieren\/","og_site_name":"Return Key","article_modified_time":"2020-11-21T17:10:46+00:00","twitter_card":"summary_large_image","twitter_misc":{"Gesch\u00e4tzte Lesezeit":"13\u00a0Minuten"},"schema":{"@context":"https:\/\/schema.org","@graph":[{"@type":"WebSite","@id":"https:\/\/staging.return-key.com\/#website","url":"https:\/\/staging.return-key.com\/","name":"Return Key","description":"People are honest","potentialAction":[{"@type":"SearchAction","target":{"@type":"EntryPoint","urlTemplate":"https:\/\/staging.return-key.com\/?s={search_term_string}"},"query-input":"required name=search_term_string"}],"inLanguage":"de"},{"@type":"WebPage","@id":"https:\/\/staging.return-key.com\/de\/registrieren\/#webpage","url":"https:\/\/staging.return-key.com\/de\/registrieren\/","name":"Registrieren - Return Key","isPartOf":{"@id":"https:\/\/staging.return-key.com\/#website"},"datePublished":"2020-11-10T12:59:27+00:00","dateModified":"2020-11-21T17:10:46+00:00","breadcrumb":{"@id":"https:\/\/staging.return-key.com\/de\/registrieren\/#breadcrumb"},"inLanguage":"de","potentialAction":[{"@type":"ReadAction","target":["https:\/\/staging.return-key.com\/de\/registrieren\/"]}]},{"@type":"BreadcrumbList","@id":"https:\/\/staging.return-key.com\/de\/registrieren\/#breadcrumb","itemListElement":[{"@type":"ListItem","position":1,"name":"Home","item":"https:\/\/staging.return-key.com\/de\/"},{"@type":"ListItem","position":2,"name":"Registrieren"}]}]}},"_links":{"self":[{"href":"https:\/\/staging.return-key.com\/de\/wp-json\/wp\/v2\/pages\/593"}],"collection":[{"href":"https:\/\/staging.return-key.com\/de\/wp-json\/wp\/v2\/pages"}],"about":[{"href":"https:\/\/staging.return-key.com\/de\/wp-json\/wp\/v2\/types\/page"}],"author":[{"embeddable":true,"href":"https:\/\/staging.return-key.com\/de\/wp-json\/wp\/v2\/users\/1"}],"replies":[{"embeddable":true,"href":"https:\/\/staging.return-key.com\/de\/wp-json\/wp\/v2\/comments?post=593"}],"version-history":[{"count":6,"href":"https:\/\/staging.return-key.com\/de\/wp-json\/wp\/v2\/pages\/593\/revisions"}],"predecessor-version":[{"id":802,"href":"https:\/\/staging.return-key.com\/de\/wp-json\/wp\/v2\/pages\/593\/revisions\/802"}],"wp:attachment":[{"href":"https:\/\/staging.return-key.com\/de\/wp-json\/wp\/v2\/media?parent=593"}],"curies":[{"name":"wp","href":"https:\/\/api.w.org\/{rel}","templated":true}]}}