{"id":623,"date":"2020-11-10T14:58:33","date_gmt":"2020-11-10T13:58:33","guid":{"rendered":"https:\/\/staging.return-key.com\/kontakt\/"},"modified":"2020-11-13T20:43:05","modified_gmt":"2020-11-13T19:43:05","slug":"kontakt","status":"publish","type":"page","link":"https:\/\/staging.return-key.com\/de\/kontakt\/","title":{"rendered":"Kontakt"},"content":{"rendered":"<div id='av_section_1'  class='avia-section main_color avia-section-small avia-no-border-styling  avia-bg-style-scroll  avia-builder-el-0  el_before_av_section  avia-builder-el-first  smallcontent  container_wrap fullsize' style='background-color: #ffffff;  margin-top:75px; margin-bottom:50px; '  ><div class='container' ><main  role=\"main\" itemprop=\"mainContentOfPage\"  class='template-page content  av-content-full alpha units'><div class='post-entry post-entry-type-page post-entry-623'><div class='entry-content-wrapper clearfix'>\n<div class=\"flex_column av_one_full  flex_column_div av-zero-column-padding first  avia-builder-el-1  avia-builder-el-no-sibling  \" style='border-radius:0px; '><p><div  class='avia-image-container  av-styling-    avia-builder-el-2  el_before_av_textblock  avia-builder-el-first  avia-align-center '  itemprop=\"image\" itemscope=\"itemscope\" itemtype=\"https:\/\/schema.org\/ImageObject\"  ><div class='avia-image-container-inner'><div class='avia-image-overlay-wrap'><img class='wp-image-324 avia-img-lazy-loading-not-324 avia_image' src=\"https:\/\/staging.return-key.com\/wp-content\/uploads\/2020\/07\/return-key-icon-heart.png\" alt='' title='return-key-icon-heart' height=\"120\" width=\"120\"  itemprop=\"thumbnailUrl\" srcset=\"https:\/\/staging.return-key.com\/wp-content\/uploads\/2020\/07\/return-key-icon-heart.png 120w, https:\/\/staging.return-key.com\/wp-content\/uploads\/2020\/07\/return-key-icon-heart-80x80.png 80w, https:\/\/staging.return-key.com\/wp-content\/uploads\/2020\/07\/return-key-icon-heart-36x36.png 36w, https:\/\/staging.return-key.com\/wp-content\/uploads\/2020\/07\/return-key-icon-heart-100x100.png 100w\" sizes=\"(max-width: 120px) 100vw, 120px\" \/><\/div><\/div><\/div><br \/>\n<section class=\"av_textblock_section \"  itemscope=\"itemscope\" itemtype=\"https:\/\/schema.org\/CreativeWork\" ><div class='avia_textblock  '   itemprop=\"text\" ><h1 style=\"text-align: center;\">KONTAKTIEREN SIE SIE?<\/h1>\n<h3 style=\"color: #f7c64d; text-align: center;\">Fragen Sie ruhig!<\/h3>\n<\/div><\/section><br \/>\n<div  style='height:20px' class='hr hr-invisible   avia-builder-el-4  el_after_av_textblock  el_before_av_image '><span class='hr-inner ' ><span class='hr-inner-style'><\/span><\/span><\/div><br \/>\n<div  class='avia-image-container  av-styling-    avia-builder-el-5  el_after_av_hr  el_before_av_textblock  avia-align-center '  itemprop=\"image\" itemscope=\"itemscope\" itemtype=\"https:\/\/schema.org\/ImageObject\"  ><div class='avia-image-container-inner'><div class='avia-image-overlay-wrap'><img class='wp-image-216 avia-img-lazy-loading-not-216 avia_image' src=\"https:\/\/staging.return-key.com\/wp-content\/uploads\/2020\/07\/divider.png\" alt='' title='divider' height=\"25\" width=\"147\"  itemprop=\"thumbnailUrl\"  \/><\/div><\/div><\/div><br \/>\n<section class=\"av_textblock_section \"  itemscope=\"itemscope\" itemtype=\"https:\/\/schema.org\/CreativeWork\" ><div class='avia_textblock  '   itemprop=\"text\" ><p style=\"text-align: center;\">F\u00fcllen Sie das untenstehende Formular aus oder sehen Sie sich die h\u00e4ufig gestellten Fragen an, und wir werden Ihnen innerhalb eines Arbeitstages antworten.<\/p>\n<p style=\"text-align: center;\">\n<\/div><\/section><br \/>\n<div  style='height:20px' class='hr hr-invisible   avia-builder-el-7  el_after_av_textblock  el_before_av_codeblock '><span class='hr-inner ' ><span class='hr-inner-style'><\/span><\/span><\/div><br \/>\n<\/p><\/div><\/div><\/div><\/main><!-- close content main element --><\/div><\/div><div id='av_section_2'  class='avia-section main_color avia-section-default avia-no-border-styling  avia-bg-style-scroll  avia-builder-el-9  el_after_av_section  avia-builder-el-last   container_wrap fullsize' style='background-color: #ffffff;  '  ><div class='container' ><div class='template-page content  av-content-full alpha units'><div class='post-entry post-entry-type-page post-entry-623'><div class='entry-content-wrapper clearfix'>\n<section class=\"av_textblock_section \"  itemscope=\"itemscope\" itemtype=\"https:\/\/schema.org\/CreativeWork\" ><div class='avia_textblock  '   itemprop=\"text\" ><h2 style=\"text-align: center;\">H\u00e4ufig gestellte Fragen:<\/h2>\n<\/div><\/section>\n<div  style='height:20px' class='hr hr-invisible   avia-builder-el-11  el_after_av_textblock  el_before_av_one_half '><span class='hr-inner ' ><span class='hr-inner-style'><\/span><\/span><\/div>\n<div class='flex_column_table av-equal-height-column-flextable -flextable' ><div class=\"flex_column av_one_half  flex_column_table_cell av-equal-height-column av-align-top av-zero-column-padding first  avia-builder-el-12  el_after_av_hr  el_before_av_one_half  faq \" style='border-radius:0px; '><section class=\"av_textblock_section \"  itemscope=\"itemscope\" itemtype=\"https:\/\/schema.org\/CreativeWork\" ><div class='avia_textblock  '   itemprop=\"text\" ><h3>Warum muss ich meinen Schl\u00fcsselbund registrieren lassen?<\/h3>\n<p>Wenn wir keine E-Mail-Adresse gespeichert haben, k\u00f6nnen wir den Eigent\u00fcmer nach Schl\u00fcsselverlust nicht mehr kontaktieren.<\/p>\n<\/div><\/section><br \/>\n<section class=\"av_textblock_section \"  itemscope=\"itemscope\" itemtype=\"https:\/\/schema.org\/CreativeWork\" ><div class='avia_textblock  '   itemprop=\"text\" ><h3>Muss ich meine Adresse registrieren lassen?<\/h3>\n<p>Nein. Nur eine E-Mail-Adresse reicht aus, um die Angaben des Finders zu senden. Aus Sicherheitsgr\u00fcnden erh\u00e4lt der Finder nie die Adresse des Eigent\u00fcmers zu sehen.<\/p>\n<\/div><\/section><\/p><\/div><div class='av-flex-placeholder'><\/div><div class=\"flex_column av_one_half  flex_column_table_cell av-equal-height-column av-align-top av-zero-column-padding   avia-builder-el-15  el_after_av_one_half  el_before_av_hr  faq \" style='border-radius:0px; '><section class=\"av_textblock_section \"  itemscope=\"itemscope\" itemtype=\"https:\/\/schema.org\/CreativeWork\" ><div class='avia_textblock  '   itemprop=\"text\" ><h3>Kann ich meinen Kunden den R\u00fcckholservice anbieten?<\/h3>\n<p>Ja. Dies kann auf zwei Arten geschehen: Wir bieten den R\u00fcckholservice unter unserem Namen oder dem des Anbieters (Whitelabel) an.<\/p>\n<\/div><\/section><br \/>\n<section class=\"av_textblock_section \"  itemscope=\"itemscope\" itemtype=\"https:\/\/schema.org\/CreativeWork\" ><div class='avia_textblock  '   itemprop=\"text\" ><h3>Was passiert, wenn der Return Key-Dienst aufh\u00f6rt?<\/h3>\n<p>Viele andere R\u00fcckf\u00fchrungsdienste sind in den letzten Jahren eingestellt worden. Benutzer k\u00f6nnen es nicht mehr benutzen. Durch Vertr\u00e4ge mit unseren Kunden sind wir verpflichtet, den Dienst ein Leben lang zu erbringen. Dies geschieht in Form eines Escrow.<\/p>\n<\/div><\/section><\/p><\/div><\/div><!--close column table wrapper. Autoclose: 1 --><div   class='hr hr-short hr-center   avia-builder-el-18  el_after_av_one_half  el_before_av_textblock '><span class='hr-inner ' ><span class='hr-inner-style'><\/span><\/span><\/div>\n<section class=\"av_textblock_section \"  itemscope=\"itemscope\" itemtype=\"https:\/\/schema.org\/CreativeWork\" ><div class='avia_textblock  '   itemprop=\"text\" ><h2 style=\"text-align: center;\">Haben Sie noch Fragen?<br \/>\nBitte kontaktieren Sie uns \u00fcber das obige Formular<\/h2>\n<\/div><\/section>\n<\/p>\n","protected":false},"excerpt":{"rendered":"","protected":false},"author":1,"featured_media":0,"parent":0,"menu_order":61,"comment_status":"closed","ping_status":"closed","template":"","meta":[],"yoast_head":"<!-- This site is optimized with the Yoast SEO plugin v18.3 - https:\/\/yoast.com\/wordpress\/plugins\/seo\/ -->\n<title>Kontakt - Return Key<\/title>\n<meta name=\"robots\" content=\"noindex, follow, max-snippet:-1, max-image-preview:large, max-video-preview:-1\" \/>\n<meta property=\"og:locale\" content=\"de_DE\" \/>\n<meta property=\"og:type\" content=\"article\" \/>\n<meta property=\"og:title\" content=\"Kontakt - Return Key\" \/>\n<meta property=\"og:url\" content=\"https:\/\/staging.return-key.com\/de\/kontakt\/\" \/>\n<meta property=\"og:site_name\" content=\"Return Key\" \/>\n<meta property=\"article:modified_time\" content=\"2020-11-13T19:43:05+00:00\" \/>\n<meta name=\"twitter:card\" content=\"summary_large_image\" \/>\n<meta name=\"twitter:label1\" content=\"Gesch\u00e4tzte Lesezeit\" \/>\n\t<meta name=\"twitter:data1\" content=\"7\u00a0Minuten\" \/>\n<script type=\"application\/ld+json\" class=\"yoast-schema-graph\">{\"@context\":\"https:\/\/schema.org\",\"@graph\":[{\"@type\":\"WebSite\",\"@id\":\"https:\/\/staging.return-key.com\/#website\",\"url\":\"https:\/\/staging.return-key.com\/\",\"name\":\"Return Key\",\"description\":\"People are honest\",\"potentialAction\":[{\"@type\":\"SearchAction\",\"target\":{\"@type\":\"EntryPoint\",\"urlTemplate\":\"https:\/\/staging.return-key.com\/?s={search_term_string}\"},\"query-input\":\"required name=search_term_string\"}],\"inLanguage\":\"de\"},{\"@type\":\"WebPage\",\"@id\":\"https:\/\/staging.return-key.com\/de\/kontakt\/#webpage\",\"url\":\"https:\/\/staging.return-key.com\/de\/kontakt\/\",\"name\":\"Kontakt - Return Key\",\"isPartOf\":{\"@id\":\"https:\/\/staging.return-key.com\/#website\"},\"datePublished\":\"2020-11-10T13:58:33+00:00\",\"dateModified\":\"2020-11-13T19:43:05+00:00\",\"breadcrumb\":{\"@id\":\"https:\/\/staging.return-key.com\/de\/kontakt\/#breadcrumb\"},\"inLanguage\":\"de\",\"potentialAction\":[{\"@type\":\"ReadAction\",\"target\":[\"https:\/\/staging.return-key.com\/de\/kontakt\/\"]}]},{\"@type\":\"BreadcrumbList\",\"@id\":\"https:\/\/staging.return-key.com\/de\/kontakt\/#breadcrumb\",\"itemListElement\":[{\"@type\":\"ListItem\",\"position\":1,\"name\":\"Home\",\"item\":\"https:\/\/staging.return-key.com\/de\/\"},{\"@type\":\"ListItem\",\"position\":2,\"name\":\"Kontakt\"}]}]}<\/script>\n<!-- \/ Yoast SEO plugin. -->","yoast_head_json":{"title":"Kontakt - Return Key","robots":{"index":"noindex","follow":"follow","max-snippet":"max-snippet:-1","max-image-preview":"max-image-preview:large","max-video-preview":"max-video-preview:-1"},"og_locale":"de_DE","og_type":"article","og_title":"Kontakt - Return Key","og_url":"https:\/\/staging.return-key.com\/de\/kontakt\/","og_site_name":"Return Key","article_modified_time":"2020-11-13T19:43:05+00:00","twitter_card":"summary_large_image","twitter_misc":{"Gesch\u00e4tzte Lesezeit":"7\u00a0Minuten"},"schema":{"@context":"https:\/\/schema.org","@graph":[{"@type":"WebSite","@id":"https:\/\/staging.return-key.com\/#website","url":"https:\/\/staging.return-key.com\/","name":"Return Key","description":"People are honest","potentialAction":[{"@type":"SearchAction","target":{"@type":"EntryPoint","urlTemplate":"https:\/\/staging.return-key.com\/?s={search_term_string}"},"query-input":"required name=search_term_string"}],"inLanguage":"de"},{"@type":"WebPage","@id":"https:\/\/staging.return-key.com\/de\/kontakt\/#webpage","url":"https:\/\/staging.return-key.com\/de\/kontakt\/","name":"Kontakt - Return Key","isPartOf":{"@id":"https:\/\/staging.return-key.com\/#website"},"datePublished":"2020-11-10T13:58:33+00:00","dateModified":"2020-11-13T19:43:05+00:00","breadcrumb":{"@id":"https:\/\/staging.return-key.com\/de\/kontakt\/#breadcrumb"},"inLanguage":"de","potentialAction":[{"@type":"ReadAction","target":["https:\/\/staging.return-key.com\/de\/kontakt\/"]}]},{"@type":"BreadcrumbList","@id":"https:\/\/staging.return-key.com\/de\/kontakt\/#breadcrumb","itemListElement":[{"@type":"ListItem","position":1,"name":"Home","item":"https:\/\/staging.return-key.com\/de\/"},{"@type":"ListItem","position":2,"name":"Kontakt"}]}]}},"_links":{"self":[{"href":"https:\/\/staging.return-key.com\/de\/wp-json\/wp\/v2\/pages\/623"}],"collection":[{"href":"https:\/\/staging.return-key.com\/de\/wp-json\/wp\/v2\/pages"}],"about":[{"href":"https:\/\/staging.return-key.com\/de\/wp-json\/wp\/v2\/types\/page"}],"author":[{"embeddable":true,"href":"https:\/\/staging.return-key.com\/de\/wp-json\/wp\/v2\/users\/1"}],"replies":[{"embeddable":true,"href":"https:\/\/staging.return-key.com\/de\/wp-json\/wp\/v2\/comments?post=623"}],"version-history":[{"count":5,"href":"https:\/\/staging.return-key.com\/de\/wp-json\/wp\/v2\/pages\/623\/revisions"}],"predecessor-version":[{"id":628,"href":"https:\/\/staging.return-key.com\/de\/wp-json\/wp\/v2\/pages\/623\/revisions\/628"}],"wp:attachment":[{"href":"https:\/\/staging.return-key.com\/de\/wp-json\/wp\/v2\/media?parent=623"}],"curies":[{"name":"wp","href":"https:\/\/api.w.org\/{rel}","templated":true}]}}