{"id":813,"date":"2020-12-08T09:48:09","date_gmt":"2020-12-08T08:48:09","guid":{"rendered":"https:\/\/staging.return-key.com\/?page_id=813"},"modified":"2020-12-08T09:48:10","modified_gmt":"2020-12-08T08:48:10","slug":"ueber-uns","status":"publish","type":"page","link":"https:\/\/staging.return-key.com\/de\/ueber-uns\/","title":{"rendered":"\u00dcber uns"},"content":{"rendered":"<div  class='avia-image-container  av-styling-    avia-builder-el-0  el_before_av_textblock  avia-builder-el-first  avia-align-center '  itemprop=\"image\" itemscope=\"itemscope\" itemtype=\"https:\/\/schema.org\/ImageObject\"  ><div class='avia-image-container-inner'><div class='avia-image-overlay-wrap'><img class='wp-image-324 avia-img-lazy-loading-not-324 avia_image' src=\"https:\/\/staging.return-key.com\/wp-content\/uploads\/2020\/07\/return-key-icon-heart.png\" alt='' title='return-key-icon-heart' height=\"120\" width=\"120\"  itemprop=\"thumbnailUrl\" srcset=\"https:\/\/staging.return-key.com\/wp-content\/uploads\/2020\/07\/return-key-icon-heart.png 120w, https:\/\/staging.return-key.com\/wp-content\/uploads\/2020\/07\/return-key-icon-heart-80x80.png 80w, https:\/\/staging.return-key.com\/wp-content\/uploads\/2020\/07\/return-key-icon-heart-36x36.png 36w, https:\/\/staging.return-key.com\/wp-content\/uploads\/2020\/07\/return-key-icon-heart-100x100.png 100w\" sizes=\"(max-width: 120px) 100vw, 120px\" \/><\/div><\/div><\/div>\n<section class=\"av_textblock_section \"  itemscope=\"itemscope\" itemtype=\"https:\/\/schema.org\/CreativeWork\" ><div class='avia_textblock  '   itemprop=\"text\" ><h2 style=\"text-align: center;\">Wussten Sie, dass Schl\u00fcssel zu den meist gefundenen Gegenst\u00e4nden in den Niederlanden geh\u00f6ren?<\/h2>\n<h3 style=\"color: #f7c64d; text-align: center;\">Nur Schmuck geht \u00f6fter verloren<\/h3>\n<\/div><\/section>\n<\/div><\/div><\/div><!-- close content main div --><\/div><\/div><div id='av_section_1'  class='avia-section main_color avia-section-small avia-no-border-styling  avia-bg-style-scroll  avia-builder-el-2  el_after_av_textblock  el_before_av_hr  smallcontent  container_wrap fullsize' style=' '  ><div class='container' ><div class='template-page content  av-content-full alpha units'><div class='post-entry post-entry-type-page post-entry-813'><div class='entry-content-wrapper clearfix'>\n<div class=\"flex_column av_one_fifth  av-hide-on-mobile  flex_column_div av-zero-column-padding first  avia-builder-el-3  el_before_av_three_fifth  avia-builder-el-first  \" style='border-radius:0px; '><\/div><div class=\"flex_column av_three_fifth  flex_column_div   avia-builder-el-4  el_after_av_one_fifth  avia-builder-el-last  \" style='background: #ffffff; padding:0px 50px 50px 50px ; background-color:#ffffff; border-radius:0px; '><section class=\"av_textblock_section \"  itemscope=\"itemscope\" itemtype=\"https:\/\/schema.org\/CreativeWork\" ><div class='avia_textblock  '   itemprop=\"text\" ><p>Das wei\u00df ich, Jacco Deen, auch aus Erfahrung: Als DJ spiele ich auf vielen Partys. An einem Abend wie diesem nehme ich fast so viele verlorene Schl\u00fcssel auf wie Wunschkennzeichen. Okay, das k\u00f6nnte eine \u00dcbertreibung sein. Aber Sie verstehen, was ich meine.<\/p>\n<p>Warum &#8211; so dachte ich vor Jahren &#8211; ist das keine gute L\u00f6sung? Mein n\u00e4chster Gedanke war: Warum finde ich nicht selbst eine L\u00f6sung? Schlie\u00dflich bin ich nicht nur ein DJ, sondern auch ein Unternehmer.<\/p>\n<p>So habe ich gedacht, so habe ich es gemacht: Return Key erblickte das Licht der Welt.<\/p>\n<h2>Schl\u00fcsselanh\u00e4nger mit R\u00fcckgabe-Service<\/h2>\n<p>Als ich mir Return Key ausgedacht habe, habe ich mir das so vorgestellt: ein Schl\u00fcsselring mit einem eindeutigen Code, mit dem man sich online registriert. Der Finder f\u00fcllt den Code aus, und der Eigent\u00fcmer erh\u00e4lt eine E-Mail. Er kann die Schl\u00fcssel abholen.<\/p>\n<p>Einfache Idee&#8230; hat es so etwas nicht schon gegeben? Nein, wirklich! Toll. Ich muss jetzt los.<\/p>\n<p>Ok, ich hatte ein sehr starkes (dachte ich) Konzept. Jetzt ein weiterer Kunde. Zum Gl\u00fcck habe ich damals etwas f\u00fcr eine Versicherungsgesellschaft getan. Ich fragte, ob sie interessiert seien. Und ja: Ich durfte Return Key in der Zentrale pr\u00e4sentieren. Sie bestellten sofort 1.000 St\u00fcck, mit ihrem eigenen Logo. Hurra!<\/p>\n<h2>Mehr als 200.000 Schl\u00fcsselanh\u00e4nger im Umlauf<\/h2>\n<p>Ich habe Return Key 2007 eingef\u00fchrt. Jetzt sind mehr als 200.000 Exemplare im Umlauf. Und dank des <u>kostenlosen<\/u> R\u00fcckholdienstes werden jeden Tag wichtige W\u00e4lder gefunden.<\/p>\n<p>Regelm\u00e4\u00dfig Reaktionen von gl\u00fccklichen Menschen erhalten:<\/p>\n<p style=\"text-align: center;\"><em>&#8222;Ich ging mit unserem Hund spazieren. Bevor ich mich versah, erhielt ich eine E-Mail, dass meine Schl\u00fcssel im Park gefunden worden waren. Ich danke Ihnen vielmals!&#8220;<\/em><\/p>\n<p style=\"text-align: center;\"><em>&#8222;An meinem Schl\u00fcsselbund h\u00e4ngt meine Medizin. Ich habe sie einmal im Supermarkt verloren. Innerhalb einer Stunde hatte ich sie wieder bei mir. Ich bin sehr zufrieden mit Ihrem Service, denn ich kann auf meine Medizin nicht verzichten.&#8220;<\/em><\/p>\n<p style=\"text-align: center;\"><em>&#8222;Handlich einer dieser Schl\u00fcsselanh\u00e4nger. Normalerweise werfe ich sie sofort weg. Was wollen Sie damit, aber ich werde es auf jeden Fall benutzen!&#8220;<\/em><\/p>\n<p>Sehen Sie, genau daf\u00fcr tue ich es: nicht nur um Geld zu verdienen, sondern um mein Karma zu <em>steigern<\/em>.<\/p>\n<\/div><\/section><\/div>\n<\/div><\/div><\/div><!-- close content main div --><\/div><\/div><div id='after_section_1'  class='main_color av_default_container_wrap container_wrap fullsize' style=' '  ><div class='container' ><div class='template-page content  av-content-full alpha units'><div class='post-entry post-entry-type-page post-entry-813'><div class='entry-content-wrapper clearfix'>\n<div  style='height:20px' class='hr hr-invisible   avia-builder-el-6  el_after_av_section  el_before_av_image  avia-builder-el-first '><span class='hr-inner ' ><span class='hr-inner-style'><\/span><\/span><\/div>\n<div  class='avia-image-container  av-styling-    avia-builder-el-7  el_after_av_hr  el_before_av_one_fifth  avia-align-center '  itemprop=\"image\" itemscope=\"itemscope\" itemtype=\"https:\/\/schema.org\/ImageObject\"  ><div class='avia-image-container-inner'><div class='avia-image-overlay-wrap'><img class='wp-image-216 avia-img-lazy-loading-not-216 avia_image' src=\"https:\/\/staging.return-key.com\/wp-content\/uploads\/2020\/07\/divider.png\" alt='' title='divider' height=\"25\" width=\"147\"  itemprop=\"thumbnailUrl\"  \/><\/div><\/div><\/div>\n<div class=\"flex_column av_one_fifth  flex_column_div av-zero-column-padding first  avia-builder-el-8  el_after_av_image  el_before_av_three_fifth  \" style='border-radius:0px; '><\/div>\n<div class=\"flex_column av_three_fifth  flex_column_div av-zero-column-padding   avia-builder-el-9  el_after_av_one_fifth  el_before_av_section  avia-builder-el-last  \" style='border-radius:0px; '><section class=\"av_textblock_section \"  itemscope=\"itemscope\" itemtype=\"https:\/\/schema.org\/CreativeWork\" ><div class='avia_textblock  '   itemprop=\"text\" ><h2>Der <em>einzige<\/em> R\u00fcckgabedienst f\u00fcr Schl\u00fcssel<\/h2>\n<p>Zuvor hatten mehrere Banken in den Niederlanden auch einen R\u00fcckgabedienst f\u00fcr Schl\u00fcssel. Aber seit 2016 haben sie alle damit aufgeh\u00f6rt.<\/p>\n<p>Jetzt ist Return Key der einzige R\u00fcckgabedienst f\u00fcr Schl\u00fcssel. F\u00fcr weniger als 10 Euro haben Sie bereits einen Schl\u00fcsselanh\u00e4nger mit einem einzigartigen Code. Und Sie m\u00fcssen nicht bef\u00fcrchten, Ihre Schl\u00fcssel f\u00fcr immer zu verlieren.<\/p>\n<\/div><\/section><br \/>\n<div  class='avia-button-wrap avia-button-center  avia-builder-el-11  el_after_av_textblock  avia-builder-el-last ' ><a href='https:\/\/staging.return-key.com\/winkel\/'  class='avia-button  avia-color-orange   avia-icon_select-no avia-size-large avia-position-center '   ><span class='avia_iconbox_title' >Jetzt Kaufen<\/span><\/a><\/div><\/p><\/div><\/div><\/div><\/div><!-- close content main div --><\/div><\/div><div id='rk-usp'  class='avia-section main_color avia-section-no-padding avia-no-border-styling  avia-bg-style-scroll  avia-builder-el-12  el_after_av_three_fifth  el_before_av_section   av-minimum-height av-minimum-height-custom  container_wrap fullsize' style=' '  ><div class='container' style='height:240px'><div class='template-page content  av-content-full alpha units'><div class='post-entry post-entry-type-page post-entry-813'><div class='entry-content-wrapper clearfix'>\n<div class='flex_column_table av-equal-height-column-flextable -flextable' ><div class=\"flex_column av_one_half  avia-full-stretch no_margin flex_column_table_cell av-equal-height-column av-align-middle av-zero-column-padding first  avia-builder-el-13  el_before_av_one_half  avia-builder-el-first  \" style='background:url(https:\/\/staging.return-key.com\/wp-content\/uploads\/2020\/07\/return-key-lost-plant-hd-495x400.jpg) center center no-repeat ; border-radius:0px; '><\/div><div class=\"flex_column av_one_half  no_margin flex_column_table_cell av-equal-height-column av-align-middle   avia-builder-el-14  el_after_av_one_half  avia-builder-el-last  \" style='background: #94c221; padding:50px; background-color:#94c221; border-radius:0px; '><p><div  class='avia-icon-list-container   avia-builder-el-15  el_before_av_hr  avia-builder-el-first '><ul class='avia-icon-list avia-icon-list-left av-iconlist-big avia_animate_when_almost_visible avia-iconlist-animate'>\n<li><div  style='background-color:#ffffff; color:#94c221; ' class='iconlist_icon  avia-font-entypo-fontello'><span class='iconlist-char ' aria-hidden='true' data-av_icon='\ue812' data-av_iconfont='entypo-fontello'><\/span><\/div><article class=\"article-icon-entry av-iconlist-empty\"  itemscope=\"itemscope\" itemtype=\"https:\/\/schema.org\/CreativeWork\" ><div class='iconlist_content_wrap'><header class=\"entry-content-header\"><h4 class='av_iconlist_title iconlist_title  av_inherit_color '  itemprop=\"headline\"   style='color:#ffffff; '>In jeder Form und Farbe<\/h4><\/header><div class='iconlist_content  '  itemprop=\"text\"  ><\/div><\/div><footer class=\"entry-footer\"><\/footer><\/article><div class='iconlist-timeline'><\/div><\/li>\n<li><div  style='background-color:#ffffff; color:#94c221; ' class='iconlist_icon  avia-font-entypo-fontello'><span class='iconlist-char ' aria-hidden='true' data-av_icon='\ue812' data-av_iconfont='entypo-fontello'><\/span><\/div><article class=\"article-icon-entry av-iconlist-empty\"  itemscope=\"itemscope\" itemtype=\"https:\/\/schema.org\/CreativeWork\" ><div class='iconlist_content_wrap'><header class=\"entry-content-header\"><h4 class='av_iconlist_title iconlist_title  av_inherit_color '  itemprop=\"headline\"   style='color:#ffffff; '>Qualit\u00e4ts-Schl\u00fcsselanh\u00e4nger<\/h4><\/header><div class='iconlist_content  '  itemprop=\"text\"  ><\/div><\/div><footer class=\"entry-footer\"><\/footer><\/article><div class='iconlist-timeline'><\/div><\/li>\n<li><div  style='background-color:#ffffff; color:#94c221; ' class='iconlist_icon  avia-font-entypo-fontello'><span class='iconlist-char ' aria-hidden='true' data-av_icon='\ue812' data-av_iconfont='entypo-fontello'><\/span><\/div><article class=\"article-icon-entry av-iconlist-empty\"  itemscope=\"itemscope\" itemtype=\"https:\/\/schema.org\/CreativeWork\" ><div class='iconlist_content_wrap'><header class=\"entry-content-header\"><h4 class='av_iconlist_title iconlist_title  av_inherit_color '  itemprop=\"headline\"   style='color:#ffffff; '>Lebenslanger R\u00fcckholdienst<\/h4><\/header><div class='iconlist_content  '  itemprop=\"text\"  ><\/div><\/div><footer class=\"entry-footer\"><\/footer><\/article><div class='iconlist-timeline'><\/div><\/li>\n<\/ul><\/div><br \/>\n<div  style='height:70px' class='hr hr-invisible   avia-builder-el-16  el_after_av_iconlist  avia-builder-el-last '><span class='hr-inner ' ><span class='hr-inner-style'><\/span><\/span><\/div><\/p><\/div><\/div><!--close column table wrapper. Autoclose: 1 -->\n<\/p>\n<\/div><\/div><\/div><!-- close content main div --><\/div><\/div><div id='rk-reviews'  class='avia-section main_color avia-section-small avia-no-border-styling  avia-bg-style-scroll  avia-builder-el-17  el_after_av_section  avia-builder-el-last   av-minimum-height av-minimum-height-custom  container_wrap fullsize' style='background-color: #ffffff;  '  ><div class='container' style='height:240px'><div class='template-page content  av-content-full alpha units'><div class='post-entry post-entry-type-page post-entry-813'><div class='entry-content-wrapper clearfix'>\n<div class=\"flex_column av_one_full  no_margin flex_column_div first  avia-builder-el-18  avia-builder-el-no-sibling  \" style='margin-top:-45px; margin-bottom:0px; background: #f9eacb; padding:45px 50px 30px 50px ; background-color:#f9eacb; border-radius:0px; '><section class=\"av_textblock_section \"  itemscope=\"itemscope\" itemtype=\"https:\/\/schema.org\/CreativeWork\" ><div class='avia_textblock  av_inherit_color '  style='color:#000000; '  itemprop=\"text\" ><p style=\"text-align: center;\">Diese Firmen arbeiten mit uns:<\/p>\n<\/div><\/section><br \/>\n<div   data-autoplay='false'  data-interval='5'  data-animation='slide'  class='avia-logo-element-container av-border-deactivate avia-logo-grid avia-content-slider avia-smallarrow-slider avia-content-grid-active noHover avia-content-slider1 avia-content-slider-odd  avia-builder-el-20  el_after_av_textblock  avia-builder-el-last  ' ><div class='avia-smallarrow-slider-heading  no-logo-slider-heading '><div class='new-special-heading'>&nbsp;<\/div><\/div><div class='avia-content-slider-inner'><div class='slide-entry-wrap' ><div  class='slide-entry flex_column no_margin post-entry slide-entry-overview slide-loop-1 slide-parity-odd  av_one_fifth first real-thumbnail'><img width=\"300\" height=\"169\" src=\"https:\/\/staging.return-key.com\/wp-content\/uploads\/2020\/07\/securitas-logo-300x169.gif\" class=\"wp-image-179 avia-img-lazy-loading-not-179 attachment-medium size-medium\" alt=\"\" \/><\/div><div  class='slide-entry flex_column no_margin post-entry slide-entry-overview slide-loop-2 slide-parity-even  av_one_fifth  real-thumbnail'><img width=\"300\" height=\"169\" src=\"https:\/\/staging.return-key.com\/wp-content\/uploads\/2020\/07\/van-alckmaer-logo-300x169.gif\" class=\"wp-image-167 avia-img-lazy-loading-not-167 attachment-medium size-medium\" alt=\"\" \/><\/div><div  class='slide-entry flex_column no_margin post-entry slide-entry-overview slide-loop-3 slide-parity-odd  av_one_fifth  real-thumbnail'><img width=\"300\" height=\"169\" src=\"https:\/\/staging.return-key.com\/wp-content\/uploads\/2020\/07\/bovag-logo-300x169.gif\" class=\"wp-image-171 avia-img-lazy-loading-not-171 attachment-medium size-medium\" alt=\"\" \/><\/div><div  class='slide-entry flex_column no_margin post-entry slide-entry-overview slide-loop-4 slide-parity-even  av_one_fifth  real-thumbnail'><img width=\"300\" height=\"169\" src=\"https:\/\/staging.return-key.com\/wp-content\/uploads\/2020\/07\/gaba-logo-300x169.gif\" class=\"wp-image-175 avia-img-lazy-loading-not-175 attachment-medium size-medium\" alt=\"\" \/><\/div><div  class='slide-entry flex_column no_margin post-entry slide-entry-overview slide-loop-5 slide-parity-odd  post-entry-last  av_one_fifth  real-thumbnail'><img width=\"300\" height=\"169\" src=\"https:\/\/staging.return-key.com\/wp-content\/uploads\/2020\/07\/triada-logo-300x169.gif\" class=\"wp-image-183 avia-img-lazy-loading-not-183 attachment-medium size-medium\" alt=\"\" \/><\/div><\/div><\/div><\/div><\/p><\/div>\n\n","protected":false},"excerpt":{"rendered":"","protected":false},"author":1,"featured_media":0,"parent":0,"menu_order":47,"comment_status":"closed","ping_status":"closed","template":"","meta":[],"yoast_head":"<!-- This site is optimized with the Yoast SEO plugin v18.3 - https:\/\/yoast.com\/wordpress\/plugins\/seo\/ -->\n<title>\u00dcber uns - Return Key<\/title>\n<meta name=\"robots\" content=\"noindex, follow, max-snippet:-1, max-image-preview:large, max-video-preview:-1\" \/>\n<meta property=\"og:locale\" content=\"de_DE\" \/>\n<meta property=\"og:type\" content=\"article\" \/>\n<meta property=\"og:title\" content=\"\u00dcber uns - Return Key\" \/>\n<meta property=\"og:url\" content=\"https:\/\/staging.return-key.com\/de\/ueber-uns\/\" \/>\n<meta property=\"og:site_name\" content=\"Return Key\" \/>\n<meta property=\"article:modified_time\" content=\"2020-12-08T08:48:10+00:00\" \/>\n<meta name=\"twitter:card\" content=\"summary_large_image\" \/>\n<meta name=\"twitter:label1\" content=\"Gesch\u00e4tzte Lesezeit\" \/>\n\t<meta name=\"twitter:data1\" content=\"13\u00a0Minuten\" \/>\n<script type=\"application\/ld+json\" class=\"yoast-schema-graph\">{\"@context\":\"https:\/\/schema.org\",\"@graph\":[{\"@type\":\"WebSite\",\"@id\":\"https:\/\/staging.return-key.com\/#website\",\"url\":\"https:\/\/staging.return-key.com\/\",\"name\":\"Return Key\",\"description\":\"People are honest\",\"potentialAction\":[{\"@type\":\"SearchAction\",\"target\":{\"@type\":\"EntryPoint\",\"urlTemplate\":\"https:\/\/staging.return-key.com\/?s={search_term_string}\"},\"query-input\":\"required name=search_term_string\"}],\"inLanguage\":\"de\"},{\"@type\":\"WebPage\",\"@id\":\"https:\/\/staging.return-key.com\/de\/ueber-uns\/#webpage\",\"url\":\"https:\/\/staging.return-key.com\/de\/ueber-uns\/\",\"name\":\"\u00dcber uns - Return Key\",\"isPartOf\":{\"@id\":\"https:\/\/staging.return-key.com\/#website\"},\"datePublished\":\"2020-12-08T08:48:09+00:00\",\"dateModified\":\"2020-12-08T08:48:10+00:00\",\"breadcrumb\":{\"@id\":\"https:\/\/staging.return-key.com\/de\/ueber-uns\/#breadcrumb\"},\"inLanguage\":\"de\",\"potentialAction\":[{\"@type\":\"ReadAction\",\"target\":[\"https:\/\/staging.return-key.com\/de\/ueber-uns\/\"]}]},{\"@type\":\"BreadcrumbList\",\"@id\":\"https:\/\/staging.return-key.com\/de\/ueber-uns\/#breadcrumb\",\"itemListElement\":[{\"@type\":\"ListItem\",\"position\":1,\"name\":\"Home\",\"item\":\"https:\/\/staging.return-key.com\/de\/\"},{\"@type\":\"ListItem\",\"position\":2,\"name\":\"\u00dcber uns\"}]}]}<\/script>\n<!-- \/ Yoast SEO plugin. -->","yoast_head_json":{"title":"\u00dcber uns - Return Key","robots":{"index":"noindex","follow":"follow","max-snippet":"max-snippet:-1","max-image-preview":"max-image-preview:large","max-video-preview":"max-video-preview:-1"},"og_locale":"de_DE","og_type":"article","og_title":"\u00dcber uns - Return Key","og_url":"https:\/\/staging.return-key.com\/de\/ueber-uns\/","og_site_name":"Return Key","article_modified_time":"2020-12-08T08:48:10+00:00","twitter_card":"summary_large_image","twitter_misc":{"Gesch\u00e4tzte Lesezeit":"13\u00a0Minuten"},"schema":{"@context":"https:\/\/schema.org","@graph":[{"@type":"WebSite","@id":"https:\/\/staging.return-key.com\/#website","url":"https:\/\/staging.return-key.com\/","name":"Return Key","description":"People are honest","potentialAction":[{"@type":"SearchAction","target":{"@type":"EntryPoint","urlTemplate":"https:\/\/staging.return-key.com\/?s={search_term_string}"},"query-input":"required name=search_term_string"}],"inLanguage":"de"},{"@type":"WebPage","@id":"https:\/\/staging.return-key.com\/de\/ueber-uns\/#webpage","url":"https:\/\/staging.return-key.com\/de\/ueber-uns\/","name":"\u00dcber uns - Return Key","isPartOf":{"@id":"https:\/\/staging.return-key.com\/#website"},"datePublished":"2020-12-08T08:48:09+00:00","dateModified":"2020-12-08T08:48:10+00:00","breadcrumb":{"@id":"https:\/\/staging.return-key.com\/de\/ueber-uns\/#breadcrumb"},"inLanguage":"de","potentialAction":[{"@type":"ReadAction","target":["https:\/\/staging.return-key.com\/de\/ueber-uns\/"]}]},{"@type":"BreadcrumbList","@id":"https:\/\/staging.return-key.com\/de\/ueber-uns\/#breadcrumb","itemListElement":[{"@type":"ListItem","position":1,"name":"Home","item":"https:\/\/staging.return-key.com\/de\/"},{"@type":"ListItem","position":2,"name":"\u00dcber uns"}]}]}},"_links":{"self":[{"href":"https:\/\/staging.return-key.com\/de\/wp-json\/wp\/v2\/pages\/813"}],"collection":[{"href":"https:\/\/staging.return-key.com\/de\/wp-json\/wp\/v2\/pages"}],"about":[{"href":"https:\/\/staging.return-key.com\/de\/wp-json\/wp\/v2\/types\/page"}],"author":[{"embeddable":true,"href":"https:\/\/staging.return-key.com\/de\/wp-json\/wp\/v2\/users\/1"}],"replies":[{"embeddable":true,"href":"https:\/\/staging.return-key.com\/de\/wp-json\/wp\/v2\/comments?post=813"}],"version-history":[{"count":6,"href":"https:\/\/staging.return-key.com\/de\/wp-json\/wp\/v2\/pages\/813\/revisions"}],"predecessor-version":[{"id":15139,"href":"https:\/\/staging.return-key.com\/de\/wp-json\/wp\/v2\/pages\/813\/revisions\/15139"}],"wp:attachment":[{"href":"https:\/\/staging.return-key.com\/de\/wp-json\/wp\/v2\/media?parent=813"}],"curies":[{"name":"wp","href":"https:\/\/api.w.org\/{rel}","templated":true}]}}